{"id":42271,"date":"2024-01-31T16:53:49","date_gmt":"2024-01-31T15:53:49","guid":{"rendered":"https:\/\/partner.sundaybrush.com\/page-de-connexion\/"},"modified":"2025-03-25T11:35:51","modified_gmt":"2025-03-25T10:35:51","slug":"page-de-connexion","status":"publish","type":"page","link":"https:\/\/partner.sundaybrush.com\/fr\/page-de-connexion\/","title":{"rendered":"Page de connexion"},"content":{"rendered":"<section class=\"l-section wpb_row login_row height_auto full_height valign_center width_full\"><div class=\"l-section-h i-cf\"><div class=\"g-cols vc_row via_grid cols_2 laptops-cols_inherit tablets-cols_inherit mobiles-cols_1 valign_middle type_default stacking_default\" style=\"--columns-gap:0rem;\"><div class=\"wpb_column vc_column_container us_custom_4e8393e1 has_bg_color\"><div class=\"vc_column-inner\"><\/div><\/div><div class=\"wpb_column vc_column_container us_custom_c0fe3822 right_col has_bg_color\"><div class=\"vc_column-inner\"><div class=\"w-image align_center\"><div class=\"w-image-h\"><img decoding=\"async\" width=\"300\" height=\"40\" src=\"https:\/\/partner.sundaybrush.com\/wp-content\/uploads\/2024\/01\/Logo-Sunday-Brush-transparant-300x40.png\" class=\"attachment-medium size-medium\" alt=\"Logo-Sunday-Brush\" loading=\"lazy\" srcset=\"https:\/\/partner.sundaybrush.com\/wp-content\/uploads\/2024\/01\/Logo-Sunday-Brush-transparant-300x40.png 300w, https:\/\/partner.sundaybrush.com\/wp-content\/uploads\/2024\/01\/Logo-Sunday-Brush-transparant-600x80.png 600w, https:\/\/partner.sundaybrush.com\/wp-content\/uploads\/2024\/01\/Logo-Sunday-Brush-transparant-1024x136.png 1024w, https:\/\/partner.sundaybrush.com\/wp-content\/uploads\/2024\/01\/Logo-Sunday-Brush-transparant.png 1709w\" sizes=\"auto, (max-width: 300px) 100vw, 300px\" \/><\/div><\/div><div class=\"w-separator size_medium\"><\/div><div class=\"wpb_text_column us_custom_7605acb8 menu_lang_switch login_switch\"><div class=\"wpb_wrapper\">\n<div\n\t role=\"navigation\" aria-label=\"S\u00e9lecteur de langue\" class=\"wpml-ls-sidebars- wpml-ls wpml-ls-legacy-dropdown js-wpml-ls-legacy-dropdown\">\n\t<ul>\n\t\t<li class=\"wpml-ls-slot- wpml-ls-item wpml-ls-item-fr wpml-ls-current-language wpml-ls-last-item wpml-ls-item-legacy-dropdown\">\n\t\t\t<a href=\"#\" hreflang=\"\" lang=\"\" class=\"js-wpml-ls-item-toggle wpml-ls-item-toggle\" aria-current=\"page\" aria-expanded=\"false\" aria-controls=\"wpml-ls-submenu-default\" aria-label=\"S\u00e9lecteur de langue, appuyez sur tabulation pour naviguer vers d&#039;autres langues\" title=\"Passer \u00e0 Fran\u00e7ais (Fran\u00e7ais)\">\n\t\t\t\t                                    <img decoding=\"async\"\n            class=\"wpml-ls-flag\"\n            src=\"https:\/\/partner.sundaybrush.com\/wp-content\/plugins\/sitepress-multilingual-cms\/res\/flags\/fr.svg\"\n            alt=\"\"\n            loading=\"lazy\"\n            width=18\n            height=12\n    \/><span class=\"wpml-ls-native\">Fran\u00e7ais<\/span><\/a>\n\n\t\t\t<ul id=\"wpml-ls-submenu-default\" class=\"wpml-ls-sub-menu\">\n\t\t\t\t\n\t\t\t\t\t<li class=\"wpml-ls-slot- wpml-ls-item wpml-ls-item-nl wpml-ls-first-item\">\n\t\t\t\t\t\t<a href=\"https:\/\/partner.sundaybrush.com\/nl\/\" hreflang=\"nl\" lang=\"nl\" class=\"wpml-ls-link\" aria-label=\"Passer \u00e0 N\u00e9erlandais (Nederlands)\" title=\"Passer \u00e0 N\u00e9erlandais (Nederlands)\">\n\t\t\t\t\t\t\t                                    <img decoding=\"async\"\n            class=\"wpml-ls-flag\"\n            src=\"https:\/\/partner.sundaybrush.com\/wp-content\/plugins\/sitepress-multilingual-cms\/res\/flags\/nl.svg\"\n            alt=\"\"\n            loading=\"lazy\"\n            width=18\n            height=12\n    \/><span class=\"wpml-ls-native\">Nederlands<\/span><span class=\"wpml-ls-display\"><span class=\"wpml-ls-bracket\">(<\/span>N\u00e9erlandais<span class=\"wpml-ls-bracket\">)<\/span><\/span><\/a>\n\t\t\t\t\t<\/li>\n\n\t\t\t\t\n\t\t\t\t\t<li class=\"wpml-ls-slot- wpml-ls-item wpml-ls-item-en\">\n\t\t\t\t\t\t<a href=\"https:\/\/partner.sundaybrush.com\/en\/\" hreflang=\"en\" lang=\"en\" class=\"wpml-ls-link\" aria-label=\"Passer \u00e0 Anglais (English)\" title=\"Passer \u00e0 Anglais (English)\">\n\t\t\t\t\t\t\t                                    <img decoding=\"async\"\n            class=\"wpml-ls-flag\"\n            src=\"https:\/\/partner.sundaybrush.com\/wp-content\/plugins\/sitepress-multilingual-cms\/res\/flags\/en.svg\"\n            alt=\"\"\n            loading=\"lazy\"\n            width=18\n            height=12\n    \/><span class=\"wpml-ls-native\">English<\/span><span class=\"wpml-ls-display\"><span class=\"wpml-ls-bracket\">(<\/span>Anglais<span class=\"wpml-ls-bracket\">)<\/span><\/span><\/a>\n\t\t\t\t\t<\/li>\n\n\t\t\t\t\n\t\t\t\t\t<li class=\"wpml-ls-slot- wpml-ls-item wpml-ls-item-de\">\n\t\t\t\t\t\t<a href=\"https:\/\/partner.sundaybrush.com\/de\/\" hreflang=\"de\" lang=\"de\" class=\"wpml-ls-link\" aria-label=\"Passer \u00e0 Allemand (Deutsch)\" title=\"Passer \u00e0 Allemand (Deutsch)\">\n\t\t\t\t\t\t\t                                    <img decoding=\"async\"\n            class=\"wpml-ls-flag\"\n            src=\"https:\/\/partner.sundaybrush.com\/wp-content\/plugins\/sitepress-multilingual-cms\/res\/flags\/de.svg\"\n            alt=\"\"\n            loading=\"lazy\"\n            width=18\n            height=12\n    \/><span class=\"wpml-ls-native\">Deutsch<\/span><span class=\"wpml-ls-display\"><span class=\"wpml-ls-bracket\">(<\/span>Allemand<span class=\"wpml-ls-bracket\">)<\/span><\/span><\/a>\n\t\t\t\t\t<\/li>\n\n\t\t\t\t\t\t\t<\/ul>\n\n\t\t<\/li>\n\n\t<\/ul>\n<\/div>\n\n<\/div><\/div><div class=\"w-separator size_small\"><\/div>\t<div class=\"w-account-login woocommerce style_none us-field-style_1\">\r\n\t\t<div class=\"woocommerce-notices-wrapper\"><\/div>\n\n<div class=\"u-columns col2-set\" id=\"customer_login\">\n\n\t<div class=\"u-column1 col-1\">\n\n\t\t\n\t\t<h2>Se connecter<\/h2>\n\n\t\t<form class=\"woocommerce-form woocommerce-form-login login\" method=\"post\">\n\n\t\t\t\n\t\t\t<p class=\"woocommerce-form-row woocommerce-form-row--wide form-row form-row-wide\">\n\t\t\t\t<label for=\"username\">Adresse e-mail&nbsp;<span class=\"required\">*<\/span><\/label>\n\t\t\t\t<input type=\"text\" class=\"woocommerce-Input woocommerce-Input--text input-text\" name=\"username\" id=\"username\" autocomplete=\"username\" value=\"\" \/>\t\t\t<\/p>\n\t\t\t<p class=\"woocommerce-form-row woocommerce-form-row--wide form-row form-row-wide\">\n\t\t\t\t<label for=\"password\">Mot de passe&nbsp;<span class=\"required\">*<\/span><\/label>\n\t\t\t\t<input class=\"woocommerce-Input woocommerce-Input--text input-text\" type=\"password\" name=\"password\" id=\"password\" autocomplete=\"current-password\" \/>\n\t\t\t<\/p>\n\n\t\t\t<input type=\"hidden\" name=\"rememberme\" value=\"forever\">\n\t\t\t<p class=\"form-row\">\n\t\t\t\t<label class=\"woocommerce-form__label woocommerce-form__label-for-checkbox woocommerce-form-login__rememberme\">\n\t\t\t\t\t<input class=\"woocommerce-form__input woocommerce-form__input-checkbox\" name=\"rememberme\" type=\"checkbox\" id=\"rememberme\" value=\"forever\" \/> <span>Se souvenir de moi<\/span>\n\t\t\t\t<\/label>\n\t\t\t\t<input type=\"hidden\" id=\"woocommerce-login-nonce\" name=\"woocommerce-login-nonce\" value=\"b346ef8fba\" \/><input type=\"hidden\" name=\"_wp_http_referer\" value=\"\/fr\/wp-json\/wp\/v2\/pages\/42271\" \/>\t\t\t\t<button type=\"submit\" class=\"woocommerce-button button woocommerce-form-login__submit\" name=\"login\" value=\"Se connecter\">Se connecter<\/button>\n\t\t\t<\/p>\n\t\t\t<p class=\"woocommerce-LostPassword lost_password\">\n\t\t\t\t<a href=\"https:\/\/partner.sundaybrush.com\/fr\/mon-compte\/lost-password\/\">Mot de passe perdu\u00a0?<\/a>\n\t\t\t<\/p>\n\n\t\t\t\n\t\t<\/form>\n\n\t\t\n\t<\/div>\n\n\t<div class=\"u-column2 col-2\">\n\n\t\t<h2>S\u2019inscrire<\/h2>\n\n\t\t<form method=\"post\" class=\"woocommerce-form woocommerce-form-register register\" enctype=\"multipart\/form-data\" >\n\n\t\t\t\n\t\t\t\n\t\t\t<p class=\"woocommerce-form-row woocommerce-form-row--wide form-row form-row-wide\">\n\t\t\t\t<label for=\"reg_email\">Adresse e-mail&nbsp;<span class=\"required\">*<\/span><\/label>\n\t\t\t\t<input type=\"email\" class=\"woocommerce-Input woocommerce-Input--text input-text\" name=\"email\" id=\"reg_email\" autocomplete=\"email\" value=\"\" \/>\t\t\t<\/p>\n\n\t\t\t\n\t\t\t\t<p class=\"woocommerce-form-row woocommerce-form-row--wide form-row form-row-wide\">\n\t\t\t\t\t<label for=\"reg_password\">Mot de passe&nbsp;<span class=\"required\">*<\/span><\/label>\n\t\t\t\t\t<input type=\"password\" class=\"woocommerce-Input woocommerce-Input--text input-text\" name=\"password\" id=\"reg_password\" autocomplete=\"new-password\" \/>\n\t\t\t\t<\/p>\n\n\t\t\t\n\t\t\t<wc-order-attribution-inputs><\/wc-order-attribution-inputs><p class=\"form-row wcmo_field_wrapper wcmo_field_wrapper_first_name wcmo_field_wrapper_text wcmo-show-field validate-required\" id=\"first_name_field\" data-priority=\"\"><label for=\"first_name\" class=\"required_field\"><span class=\"wcmo-label-text\">First name<\/span>&nbsp;<span class=\"required\" aria-hidden=\"true\">*<\/span><\/label><span class=\"woocommerce-input-wrapper\"><input type=\"text\" class=\"input-text wcmo_field wcmo_field_first_name\" name=\"first_name\" id=\"first_name\" placeholder=\"\"  value=\"\" data-index=\"0\" data-type=\"text\" autocomplete=\"off\" aria-required=\"true\" \/><\/span><\/p><p class=\"form-row wcmo_field_wrapper wcmo_field_wrapper_last_name wcmo_field_wrapper_text wcmo-show-field validate-required\" id=\"last_name_field\" data-priority=\"\"><label for=\"last_name\" class=\"required_field\"><span class=\"wcmo-label-text\">Last name<\/span>&nbsp;<span class=\"required\" aria-hidden=\"true\">*<\/span><\/label><span class=\"woocommerce-input-wrapper\"><input type=\"text\" class=\"input-text wcmo_field wcmo_field_last_name\" name=\"last_name\" id=\"last_name\" placeholder=\"\"  value=\"\" data-index=\"0\" data-type=\"text\" autocomplete=\"off\" aria-required=\"true\" \/><\/span><\/p><p class=\"form-row wcmo_field_wrapper wcmo_field_wrapper_billing_company wcmo_field_wrapper_text wcmo-show-field validate-required\" id=\"billing_company_field\" data-priority=\"\"><label for=\"billing_company\" class=\"required_field\"><span class=\"wcmo-label-text\">Company name<\/span>&nbsp;<span class=\"required\" aria-hidden=\"true\">*<\/span><\/label><span class=\"woocommerce-input-wrapper\"><input type=\"text\" class=\"input-text wcmo_field wcmo_field_billing_company\" name=\"billing_company\" id=\"billing_company\" placeholder=\"\"  value=\"\" data-index=\"0\" data-type=\"text\" autocomplete=\"off\" aria-required=\"true\" \/><\/span><\/p><p class=\"form-row wcmo_field_wrapper wcmo_field_wrapper_billing_address_1 wcmo_field_wrapper_text wcmo-show-field validate-required\" id=\"billing_address_1_field\" data-priority=\"\"><label for=\"billing_address_1\" class=\"required_field\"><span class=\"wcmo-label-text\">Street<\/span>&nbsp;<span class=\"required\" aria-hidden=\"true\">*<\/span><\/label><span class=\"woocommerce-input-wrapper\"><input type=\"text\" class=\"input-text wcmo_field wcmo_field_billing_address_1\" name=\"billing_address_1\" id=\"billing_address_1\" placeholder=\"\"  value=\"\" data-index=\"0\" data-type=\"text\" autocomplete=\"off\" aria-required=\"true\" \/><\/span><\/p><p class=\"form-row wcmo_field_wrapper wcmo_field_wrapper_billing_postcode wcmo_field_wrapper_text wcmo-show-field validate-required\" id=\"billing_postcode_field\" data-priority=\"\"><label for=\"billing_postcode\" class=\"required_field\"><span class=\"wcmo-label-text\">PostCode<\/span>&nbsp;<span class=\"required\" aria-hidden=\"true\">*<\/span><\/label><span class=\"woocommerce-input-wrapper\"><input type=\"text\" class=\"input-text wcmo_field wcmo_field_billing_postcode\" name=\"billing_postcode\" id=\"billing_postcode\" placeholder=\"\"  value=\"\" data-index=\"0\" data-type=\"text\" autocomplete=\"off\" aria-required=\"true\" \/><\/span><\/p><p class=\"form-row wcmo_field_wrapper wcmo_field_wrapper_billing_city wcmo_field_wrapper_text wcmo-show-field validate-required\" id=\"billing_city_field\" data-priority=\"\"><label for=\"billing_city\" class=\"required_field\"><span class=\"wcmo-label-text\">City<\/span>&nbsp;<span class=\"required\" aria-hidden=\"true\">*<\/span><\/label><span class=\"woocommerce-input-wrapper\"><input type=\"text\" class=\"input-text wcmo_field wcmo_field_billing_city\" name=\"billing_city\" id=\"billing_city\" placeholder=\"\"  value=\"\" data-index=\"0\" data-type=\"text\" autocomplete=\"off\" aria-required=\"true\" \/><\/span><\/p><p class=\"form-row chzn-drop wcmo_field_wrapper wcmo_field_wrapper_billing_country wcmo_field_wrapper_country wcmo-show-field validate-required\" id=\"billing_country_field\" data-priority=\"\"><label for=\"billing_country\" class=\"required_field\">Billing Country&nbsp;<span class=\"required\" aria-hidden=\"true\">*<\/span><\/label><span class=\"woocommerce-input-wrapper\"><select name=\"billing_country\" id=\"billing_country\" class=\"country_to_state country_select wcmo_field wcmo_field_billing_country\" data-index=\"0\" data-type=\"country\" autocomplete=\"off\" aria-required=\"true\" data-placeholder=\"Choose your country\" data-label=\"Billing Country\"><option value=\"\">S\u00e9lectionner un pays\/r\u00e9gion\u2026<\/option><option value=\"BE\" >Belgique<\/option><option value=\"DE\" >Allemagne<\/option><option value=\"FR\" >France<\/option><option value=\"IE\" >Irlande<\/option><option value=\"NL\" >Pays-Bas<\/option><option value=\"AT\" >Autriche<\/option><option value=\"ES\" >Espagne<\/option><option value=\"CZ\" >R\u00e9publique Tch\u00e8que<\/option><option value=\"CH\" >Suisse<\/option><\/select><noscript><button type=\"submit\" name=\"woocommerce_checkout_update_totals\" value=\"Mettre \u00e0 jour le pays\/r\u00e9gion\">Mettre \u00e0 jour le pays\/r\u00e9gion<\/button><\/noscript><\/span><\/p><p class=\"form-row wcmo_field_wrapper wcmo_field_wrapper_billing_phone wcmo_field_wrapper_text wcmo-show-field validate-required\" id=\"billing_phone_field\" data-priority=\"\"><label for=\"billing_phone\" class=\"required_field\"><span class=\"wcmo-label-text\">Phone number<\/span>&nbsp;<span class=\"required\" aria-hidden=\"true\">*<\/span><\/label><span class=\"woocommerce-input-wrapper\"><input type=\"text\" class=\"input-text wcmo_field wcmo_field_billing_phone\" name=\"billing_phone\" id=\"billing_phone\" placeholder=\"\"  value=\"\" data-index=\"0\" data-type=\"text\" autocomplete=\"off\" aria-required=\"true\" \/><\/span><\/p><p class=\"form-row wcmo_field_wrapper wcmo_field_wrapper_vat_number wcmo_field_wrapper_text wcmo-show-field\" id=\"vat_number_field\" data-priority=\"\"><label for=\"vat_number\" class=\"\"><span class=\"wcmo-label-text\">VAT number<\/span>&nbsp;<span class=\"optional\">(facultatif)<\/span><\/label><span class=\"woocommerce-input-wrapper\"><input type=\"text\" class=\"input-text wcmo_field wcmo_field_vat_number\" name=\"vat_number\" id=\"vat_number\" placeholder=\"\"  value=\"\" data-index=\"0\" data-type=\"text\" autocomplete=\"off\" \/><\/span><\/p><div class=\"woocommerce-privacy-policy-text\"><\/div>\n\t\t\t<p class=\"woocommerce-form-row form-row\">\n\t\t\t\t<input type=\"hidden\" id=\"woocommerce-register-nonce\" name=\"woocommerce-register-nonce\" value=\"a659c496b9\" \/><input type=\"hidden\" name=\"_wp_http_referer\" value=\"\/fr\/wp-json\/wp\/v2\/pages\/42271\" \/>\t\t\t\t<button type=\"submit\" class=\"woocommerce-Button woocommerce-button button woocommerce-form-register__submit\" name=\"register\" value=\"S\u2019inscrire\">S\u2019inscrire<\/button>\n\t\t\t<\/p>\n\n\t\t\t\n\t\t<\/form>\n\n\t<\/div>\n\n<\/div>\n\n\t<\/div>\r\n\t<\/div><\/div><\/div><\/div><\/section>\n","protected":false},"excerpt":{"rendered":"Fran\u00e7ais Nederlands(N\u00e9erlandais) English(Anglais) Deutsch(Allemand) Se connecter Adresse e-mail&nbsp;* Mot de passe&nbsp;* Se souvenir de moi Se connecter Mot de passe perdu\u00a0? S\u2019inscrire Adresse e-mail&nbsp;* Mot de passe&nbsp;* First name&nbsp;*Last name&nbsp;*Company name&nbsp;*Street&nbsp;*PostCode&nbsp;*City&nbsp;*Billing Country&nbsp;*S\u00e9lectionner un pays\/r\u00e9gion\u2026BelgiqueAllemagneFranceIrlandePays-BasAutricheEspagneR\u00e9publique Tch\u00e8queSuisseMettre \u00e0 jour le pays\/r\u00e9gionPhone number&nbsp;*VAT number&nbsp;(facultatif) S\u2019inscrire","protected":false},"author":1,"featured_media":0,"parent":0,"menu_order":0,"comment_status":"closed","ping_status":"closed","template":"","meta":{"_acf_changed":false,"footnotes":""},"class_list":["post-42271","page","type-page","status-publish","hentry"],"acf":[],"_links":{"self":[{"href":"https:\/\/partner.sundaybrush.com\/fr\/wp-json\/wp\/v2\/pages\/42271","targetHints":{"allow":["GET"]}}],"collection":[{"href":"https:\/\/partner.sundaybrush.com\/fr\/wp-json\/wp\/v2\/pages"}],"about":[{"href":"https:\/\/partner.sundaybrush.com\/fr\/wp-json\/wp\/v2\/types\/page"}],"author":[{"embeddable":true,"href":"https:\/\/partner.sundaybrush.com\/fr\/wp-json\/wp\/v2\/users\/1"}],"replies":[{"embeddable":true,"href":"https:\/\/partner.sundaybrush.com\/fr\/wp-json\/wp\/v2\/comments?post=42271"}],"version-history":[{"count":1,"href":"https:\/\/partner.sundaybrush.com\/fr\/wp-json\/wp\/v2\/pages\/42271\/revisions"}],"predecessor-version":[{"id":42272,"href":"https:\/\/partner.sundaybrush.com\/fr\/wp-json\/wp\/v2\/pages\/42271\/revisions\/42272"}],"wp:attachment":[{"href":"https:\/\/partner.sundaybrush.com\/fr\/wp-json\/wp\/v2\/media?parent=42271"}],"curies":[{"name":"wp","href":"https:\/\/api.w.org\/{rel}","templated":true}]}}